{"id":184,"date":"2024-05-28T08:28:09","date_gmt":"2024-05-28T08:28:09","guid":{"rendered":"https:\/\/sweet-nash.176-9-1-208.plesk.page\/?page_id=184"},"modified":"2026-03-10T09:17:01","modified_gmt":"2026-03-10T09:17:01","slug":"impressum","status":"publish","type":"page","link":"https:\/\/pflegedienst-krull.de\/index.php\/impressum\/","title":{"rendered":"Impressum"},"content":{"rendered":"<p>[et_pb_section fb_built=&#8220;1&#8243; _builder_version=&#8220;4.25.1&#8243; _module_preset=&#8220;default&#8220; custom_padding=&#8220;||91px|||&#8220; global_colors_info=&#8220;{}&#8220;][et_pb_row _builder_version=&#8220;4.25.1&#8243; _module_preset=&#8220;default&#8220; global_colors_info=&#8220;{}&#8220;][et_pb_column type=&#8220;4_4&#8243; _builder_version=&#8220;4.25.1&#8243; _module_preset=&#8220;default&#8220; global_colors_info=&#8220;{}&#8220;][et_pb_text _builder_version=&#8220;4.25.1&#8243; _module_preset=&#8220;default&#8220; hover_enabled=&#8220;0&#8243; global_colors_info=&#8220;{}&#8220; sticky_enabled=&#8220;0&#8243;]<\/p>\n<h1>IMPRESSUM<\/h1>\n<h2>ANGABEN GEM\u00c4SS \u00a7 5 TMG<\/h2>\n<p>Pflegedienst Andree Krull GmbH<br \/>\nGesch\u00e4ftsf\u00fchrer: Andree Krull<br \/>\nHoltroper Stra\u00dfe 32B<br \/>\n26632 Ihlow-Ostersander<\/p>\n<h2>KONTAKT<\/h2>\n<p>Telefon: 04943 732<br \/>\nTelefax: 04943 9256465<br \/>\nE-Mail: info@pflegedienst-krull.de<\/p>\n<h2>Registergericht<\/h2>\n<p>Amtsgericht Aurich, HRB 208043<\/p>\n<h2>UMSATZSTEUER-ID<\/h2>\n<p>Umsatzsteuer-Identifikationsnummer gem\u00e4\u00df \u00a727 a Umsatzsteuergesetz:<br \/>\numsatzsteuerbefreit<\/p>\n<h2>ANGABEN ZUR BERUFSHAFTPFLICHTVERSICHERUNG<\/h2>\n<p><strong>Name und Sitz des Versicherers:<\/strong><br \/>\nVGH Versicherungen<br \/>\n30140 Hannover<\/p>\n<p><strong>Geltungsraum der Versicherung:<\/strong><br \/>\nDeutschland<\/p>\n<h2>VERANTWORTLICH F\u00dcR DEN INHALT NACH \u00a7 55 ABS. 2 RSTV<\/h2>\n<p>Andree Krull<br \/>\nHoltroper Stra\u00dfe 32b<br \/>\n26632 Ihlow<\/p>\n<h2>STREITSCHLICHTUNG<\/h2>\n<p>Die Europ\u00e4ische Kommission stellt eine Plattform zur Online-Streitbeilegung (OS) bereit:<span>\u00a0<\/span><a href=\"https:\/\/ec.europa.eu\/consumers\/odr\" target=\"_blank\" rel=\"noopener noreferrer\">https:\/\/ec.europa.eu\/consumers\/odr<\/a>.<br \/>\nUnsere E-Mail-Adresse finden Sie oben im Impressum.<\/p>\n<p>Wir sind nicht bereit oder verpflichtet, an Streitbeilegungsverfahren vor einer Verbraucherschlichtungsstelle teilzunehmen.<\/p>\n<h3>Haftung f\u00fcr Inhalte<\/h3>\n<p>Als Diensteanbieter sind wir gem\u00e4\u00df \u00a7 7 Abs.1 TMG f\u00fcr eigene Inhalte auf diesen Seiten nach den allgemeinen Gesetzen verantwortlich. Nach \u00a7\u00a7 8 bis 10 TMG sind wir als Diensteanbieter jedoch nicht verpflichtet, \u00fcbermittelte oder gespeicherte fremde Informationen zu \u00fcberwachen oder nach Umst\u00e4nden zu forschen, die auf eine rechtswidrige T\u00e4tigkeit hinweisen.<\/p>\n<p>Verpflichtungen zur Entfernung oder Sperrung der Nutzung von Informationen nach den allgemeinen Gesetzen bleiben hiervon unber\u00fchrt. Eine diesbez\u00fcgliche Haftung ist jedoch erst ab dem Zeitpunkt der Kenntnis einer konkreten Rechtsverletzung m\u00f6glich. Bei Bekanntwerden von entsprechenden Rechtsverletzungen werden wir diese Inhalte umgehend entfernen.<\/p>\n<h3>Haftung f\u00fcr Links<\/h3>\n<p>Unser Angebot enth\u00e4lt Links zu externen Websites Dritter, auf deren Inhalte wir keinen Einfluss haben. Deshalb k\u00f6nnen wir f\u00fcr diese fremden Inhalte auch keine Gew\u00e4hr \u00fcbernehmen. F\u00fcr die Inhalte der verlinkten Seiten ist stets der jeweilige Anbieter oder Betreiber der Seiten verantwortlich. Die verlinkten Seiten wurden zum Zeitpunkt der Verlinkung auf m\u00f6gliche Rechtsverst\u00f6\u00dfe \u00fcberpr\u00fcft. Rechtswidrige Inhalte waren zum Zeitpunkt der Verlinkung nicht erkennbar.<\/p>\n<p>Eine permanente inhaltliche Kontrolle der verlinkten Seiten ist jedoch ohne konkrete Anhaltspunkte einer Rechtsverletzung nicht zumutbar. Bei Bekanntwerden von Rechtsverletzungen werden wir derartige Links umgehend entfernen.<\/p>\n<h3>Urheberrecht<\/h3>\n<p>Die durch die Seitenbetreiber erstellten Inhalte und Werke auf diesen Seiten unterliegen dem deutschen Urheberrecht. Die Vervielf\u00e4ltigung, Bearbeitung, Verbreitung und jede Art der Verwertung au\u00dferhalb der Grenzen des Urheberrechtes bed\u00fcrfen der schriftlichen Zustimmung des jeweiligen Autors bzw. Erstellers. Downloads und Kopien dieser Seite sind nur f\u00fcr den privaten, nicht kommerziellen Gebrauch gestattet.<\/p>\n<p>Soweit die Inhalte auf dieser Seite nicht vom Betreiber erstellt wurden, werden die Urheberrechte Dritter beachtet. Insbesondere werden Inhalte Dritter als solche gekennzeichnet. Sollten Sie trotzdem auf eine Urheberrechtsverletzung aufmerksam werden, bitten wir um einen entsprechenden Hinweis. Bei Bekanntwerden von Rechtsverletzungen werden wir derartige Inhalte umgehend entfernen.[\/et_pb_text][\/et_pb_column][\/et_pb_row][\/et_pb_section]<\/p>\n","protected":false},"excerpt":{"rendered":"<p>IMPRESSUM ANGABEN GEM\u00c4SS \u00a7 5 TMG Pflegedienst Andree Krull GmbH Gesch\u00e4ftsf\u00fchrer: Andree Krull Holtroper Stra\u00dfe 32B 26632 Ihlow-Ostersander KONTAKT Telefon: 04943 732 Telefax: 04943 9256465 E-Mail: info@pflegedienst-krull.de Registergericht Amtsgericht Aurich, HRB 208043 UMSATZSTEUER-ID Umsatzsteuer-Identifikationsnummer gem\u00e4\u00df \u00a727 a Umsatzsteuergesetz: umsatzsteuerbefreit ANGABEN ZUR BERUFSHAFTPFLICHTVERSICHERUNG Name und Sitz des Versicherers: VGH Versicherungen 30140 Hannover Geltungsraum der Versicherung: Deutschland [&hellip;]<\/p>\n","protected":false},"author":1,"featured_media":0,"parent":0,"menu_order":0,"comment_status":"closed","ping_status":"closed","template":"","meta":{"_et_pb_use_builder":"on","_et_pb_old_content":"","_et_gb_content_width":"","footnotes":""},"class_list":["post-184","page","type-page","status-publish","hentry"],"yoast_head":"<!-- This site is optimized with the Yoast SEO plugin v23.0 - https:\/\/yoast.com\/wordpress\/plugins\/seo\/ -->\n<title>Impressum - Pflegedienst Andree Krull GmbH<\/title>\n<meta name=\"robots\" content=\"index, follow, max-snippet:-1, max-image-preview:large, max-video-preview:-1\" \/>\n<link rel=\"canonical\" href=\"https:\/\/pflegedienst-krull.de\/index.php\/impressum\/\" \/>\n<meta property=\"og:locale\" content=\"de_DE\" \/>\n<meta property=\"og:type\" content=\"article\" \/>\n<meta property=\"og:title\" content=\"Impressum - Pflegedienst Andree Krull GmbH\" \/>\n<meta property=\"og:description\" content=\"IMPRESSUM ANGABEN GEM\u00c4SS \u00a7 5 TMG Pflegedienst Andree Krull GmbH Gesch\u00e4ftsf\u00fchrer: Andree Krull Holtroper Stra\u00dfe 32B 26632 Ihlow-Ostersander KONTAKT Telefon: 04943 732 Telefax: 04943 9256465 E-Mail: info@pflegedienst-krull.de Registergericht Amtsgericht Aurich, HRB 208043 UMSATZSTEUER-ID Umsatzsteuer-Identifikationsnummer gem\u00e4\u00df \u00a727 a Umsatzsteuergesetz: umsatzsteuerbefreit ANGABEN ZUR BERUFSHAFTPFLICHTVERSICHERUNG Name und Sitz des Versicherers: VGH Versicherungen 30140 Hannover Geltungsraum der Versicherung: Deutschland [&hellip;]\" \/>\n<meta property=\"og:url\" content=\"https:\/\/pflegedienst-krull.de\/index.php\/impressum\/\" \/>\n<meta property=\"og:site_name\" content=\"Pflegedienst Andree Krull GmbH\" \/>\n<meta property=\"article:publisher\" content=\"https:\/\/www.facebook.com\/gemeindepflegeteamandreekrull\" \/>\n<meta property=\"article:modified_time\" content=\"2026-03-10T09:17:01+00:00\" \/>\n<meta name=\"twitter:card\" content=\"summary_large_image\" \/>\n<meta name=\"twitter:label1\" content=\"Gesch\u00e4tzte Lesezeit\" \/>\n\t<meta name=\"twitter:data1\" content=\"2\u00a0Minuten\" \/>\n<script type=\"application\/ld+json\" class=\"yoast-schema-graph\">{\"@context\":\"https:\/\/schema.org\",\"@graph\":[{\"@type\":\"WebPage\",\"@id\":\"https:\/\/pflegedienst-krull.de\/index.php\/impressum\/\",\"url\":\"https:\/\/pflegedienst-krull.de\/index.php\/impressum\/\",\"name\":\"Impressum - Pflegedienst Andree Krull GmbH\",\"isPartOf\":{\"@id\":\"https:\/\/pflegedienst-krull.de\/#website\"},\"datePublished\":\"2024-05-28T08:28:09+00:00\",\"dateModified\":\"2026-03-10T09:17:01+00:00\",\"breadcrumb\":{\"@id\":\"https:\/\/pflegedienst-krull.de\/index.php\/impressum\/#breadcrumb\"},\"inLanguage\":\"de\",\"potentialAction\":[{\"@type\":\"ReadAction\",\"target\":[\"https:\/\/pflegedienst-krull.de\/index.php\/impressum\/\"]}]},{\"@type\":\"BreadcrumbList\",\"@id\":\"https:\/\/pflegedienst-krull.de\/index.php\/impressum\/#breadcrumb\",\"itemListElement\":[{\"@type\":\"ListItem\",\"position\":1,\"name\":\"Startseite\",\"item\":\"https:\/\/pflegedienst-krull.de\/\"},{\"@type\":\"ListItem\",\"position\":2,\"name\":\"Impressum\"}]},{\"@type\":\"WebSite\",\"@id\":\"https:\/\/pflegedienst-krull.de\/#website\",\"url\":\"https:\/\/pflegedienst-krull.de\/\",\"name\":\"Pflegedienst Andree Krull\",\"description\":\"Gemeinde Pflegeteam\",\"publisher\":{\"@id\":\"https:\/\/pflegedienst-krull.de\/#organization\"},\"potentialAction\":[{\"@type\":\"SearchAction\",\"target\":{\"@type\":\"EntryPoint\",\"urlTemplate\":\"https:\/\/pflegedienst-krull.de\/?s={search_term_string}\"},\"query-input\":\"required name=search_term_string\"}],\"inLanguage\":\"de\"},{\"@type\":\"Organization\",\"@id\":\"https:\/\/pflegedienst-krull.de\/#organization\",\"name\":\"Pflegedienst Andree Krull\",\"url\":\"https:\/\/pflegedienst-krull.de\/\",\"logo\":{\"@type\":\"ImageObject\",\"inLanguage\":\"de\",\"@id\":\"https:\/\/pflegedienst-krull.de\/#\/schema\/logo\/image\/\",\"url\":\"https:\/\/pflegedienst-krull.de\/wp-content\/uploads\/2024\/06\/footer.png\",\"contentUrl\":\"https:\/\/pflegedienst-krull.de\/wp-content\/uploads\/2024\/06\/footer.png\",\"width\":1146,\"height\":1108,\"caption\":\"Pflegedienst Andree Krull\"},\"image\":{\"@id\":\"https:\/\/pflegedienst-krull.de\/#\/schema\/logo\/image\/\"},\"sameAs\":[\"https:\/\/www.facebook.com\/gemeindepflegeteamandreekrull\"]}]}<\/script>\n<!-- \/ Yoast SEO plugin. -->","yoast_head_json":{"title":"Impressum - Pflegedienst Andree Krull GmbH","robots":{"index":"index","follow":"follow","max-snippet":"max-snippet:-1","max-image-preview":"max-image-preview:large","max-video-preview":"max-video-preview:-1"},"canonical":"https:\/\/pflegedienst-krull.de\/index.php\/impressum\/","og_locale":"de_DE","og_type":"article","og_title":"Impressum - Pflegedienst Andree Krull GmbH","og_description":"IMPRESSUM ANGABEN GEM\u00c4SS \u00a7 5 TMG Pflegedienst Andree Krull GmbH Gesch\u00e4ftsf\u00fchrer: Andree Krull Holtroper Stra\u00dfe 32B 26632 Ihlow-Ostersander KONTAKT Telefon: 04943 732 Telefax: 04943 9256465 E-Mail: info@pflegedienst-krull.de Registergericht Amtsgericht Aurich, HRB 208043 UMSATZSTEUER-ID Umsatzsteuer-Identifikationsnummer gem\u00e4\u00df \u00a727 a Umsatzsteuergesetz: umsatzsteuerbefreit ANGABEN ZUR BERUFSHAFTPFLICHTVERSICHERUNG Name und Sitz des Versicherers: VGH Versicherungen 30140 Hannover Geltungsraum der Versicherung: Deutschland [&hellip;]","og_url":"https:\/\/pflegedienst-krull.de\/index.php\/impressum\/","og_site_name":"Pflegedienst Andree Krull GmbH","article_publisher":"https:\/\/www.facebook.com\/gemeindepflegeteamandreekrull","article_modified_time":"2026-03-10T09:17:01+00:00","twitter_card":"summary_large_image","twitter_misc":{"Gesch\u00e4tzte Lesezeit":"2\u00a0Minuten"},"schema":{"@context":"https:\/\/schema.org","@graph":[{"@type":"WebPage","@id":"https:\/\/pflegedienst-krull.de\/index.php\/impressum\/","url":"https:\/\/pflegedienst-krull.de\/index.php\/impressum\/","name":"Impressum - Pflegedienst Andree Krull GmbH","isPartOf":{"@id":"https:\/\/pflegedienst-krull.de\/#website"},"datePublished":"2024-05-28T08:28:09+00:00","dateModified":"2026-03-10T09:17:01+00:00","breadcrumb":{"@id":"https:\/\/pflegedienst-krull.de\/index.php\/impressum\/#breadcrumb"},"inLanguage":"de","potentialAction":[{"@type":"ReadAction","target":["https:\/\/pflegedienst-krull.de\/index.php\/impressum\/"]}]},{"@type":"BreadcrumbList","@id":"https:\/\/pflegedienst-krull.de\/index.php\/impressum\/#breadcrumb","itemListElement":[{"@type":"ListItem","position":1,"name":"Startseite","item":"https:\/\/pflegedienst-krull.de\/"},{"@type":"ListItem","position":2,"name":"Impressum"}]},{"@type":"WebSite","@id":"https:\/\/pflegedienst-krull.de\/#website","url":"https:\/\/pflegedienst-krull.de\/","name":"Pflegedienst Andree Krull","description":"Gemeinde Pflegeteam","publisher":{"@id":"https:\/\/pflegedienst-krull.de\/#organization"},"potentialAction":[{"@type":"SearchAction","target":{"@type":"EntryPoint","urlTemplate":"https:\/\/pflegedienst-krull.de\/?s={search_term_string}"},"query-input":"required name=search_term_string"}],"inLanguage":"de"},{"@type":"Organization","@id":"https:\/\/pflegedienst-krull.de\/#organization","name":"Pflegedienst Andree Krull","url":"https:\/\/pflegedienst-krull.de\/","logo":{"@type":"ImageObject","inLanguage":"de","@id":"https:\/\/pflegedienst-krull.de\/#\/schema\/logo\/image\/","url":"https:\/\/pflegedienst-krull.de\/wp-content\/uploads\/2024\/06\/footer.png","contentUrl":"https:\/\/pflegedienst-krull.de\/wp-content\/uploads\/2024\/06\/footer.png","width":1146,"height":1108,"caption":"Pflegedienst Andree Krull"},"image":{"@id":"https:\/\/pflegedienst-krull.de\/#\/schema\/logo\/image\/"},"sameAs":["https:\/\/www.facebook.com\/gemeindepflegeteamandreekrull"]}]}},"_links":{"self":[{"href":"https:\/\/pflegedienst-krull.de\/index.php\/wp-json\/wp\/v2\/pages\/184","targetHints":{"allow":["GET"]}}],"collection":[{"href":"https:\/\/pflegedienst-krull.de\/index.php\/wp-json\/wp\/v2\/pages"}],"about":[{"href":"https:\/\/pflegedienst-krull.de\/index.php\/wp-json\/wp\/v2\/types\/page"}],"author":[{"embeddable":true,"href":"https:\/\/pflegedienst-krull.de\/index.php\/wp-json\/wp\/v2\/users\/1"}],"replies":[{"embeddable":true,"href":"https:\/\/pflegedienst-krull.de\/index.php\/wp-json\/wp\/v2\/comments?post=184"}],"version-history":[{"count":5,"href":"https:\/\/pflegedienst-krull.de\/index.php\/wp-json\/wp\/v2\/pages\/184\/revisions"}],"predecessor-version":[{"id":432,"href":"https:\/\/pflegedienst-krull.de\/index.php\/wp-json\/wp\/v2\/pages\/184\/revisions\/432"}],"wp:attachment":[{"href":"https:\/\/pflegedienst-krull.de\/index.php\/wp-json\/wp\/v2\/media?parent=184"}],"curies":[{"name":"wp","href":"https:\/\/api.w.org\/{rel}","templated":true}]}}