{"id":232,"date":"2024-05-28T10:01:05","date_gmt":"2024-05-28T10:01:05","guid":{"rendered":"https:\/\/sweet-nash.176-9-1-208.plesk.page\/?page_id=232"},"modified":"2026-03-10T09:09:39","modified_gmt":"2026-03-10T09:09:39","slug":"kontakt","status":"publish","type":"page","link":"https:\/\/pflegedienst-krull.de\/index.php\/kontakt\/","title":{"rendered":"Kontakt"},"content":{"rendered":"<p>[et_pb_section fb_built=&#8220;1&#8243; admin_label=&#8220;Products&#8220; _builder_version=&#8220;4.17.4&#8243; _module_preset=&#8220;default&#8220; background_color=&#8220;#F6F3EF&#8220; background_enable_image=&#8220;off&#8220; background_position=&#8220;center_left&#8220; custom_padding=&#8220;133px||134px|||&#8220; collapsed=&#8220;on&#8220; global_colors_info=&#8220;{}&#8220;][et_pb_row custom_padding_last_edited=&#8220;on|phone&#8220; _builder_version=&#8220;4.25.1&#8243; _module_preset=&#8220;default&#8220; custom_margin=&#8220;||||false|false&#8220; custom_padding=&#8220;|30px|50px|30px|false|true&#8220; custom_padding_tablet=&#8220;||||false|true&#8220; custom_padding_phone=&#8220;|20px|20px|20px|false|true&#8220; border_width_all=&#8220;3px&#8220; border_color_all=&#8220;#afcb08&#8243; global_colors_info=&#8220;{}&#8220;][et_pb_column type=&#8220;4_4&#8243; _builder_version=&#8220;4.17.4&#8243; _module_preset=&#8220;default&#8220; global_colors_info=&#8220;{}&#8220;][et_pb_text disabled_on=&#8220;on|off|off&#8220; _builder_version=&#8220;4.25.1&#8243; _module_preset=&#8220;b327cbe4-b1d5-4b66-ad37-40c8f2f061ba&#8220; header_2_font=&#8220;Bilbo|600|||||||&#8220; header_2_text_color=&#8220;#000000&#8243; header_2_font_size=&#8220;48px&#8220; header_2_letter_spacing=&#8220;13px&#8220; header_2_line_height=&#8220;1.2em&#8220; background_color=&#8220;#F6F3EF&#8220; width=&#8220;63%&#8220; width_tablet=&#8220;40%&#8220; width_phone=&#8220;40%&#8220; width_last_edited=&#8220;on|phone&#8220; custom_margin=&#8220;-62px||30px|-35px|false|false&#8220; custom_margin_tablet=&#8220;-50px||||false|false&#8220; custom_margin_phone=&#8220;-45px||20px||false|false&#8220; custom_margin_last_edited=&#8220;on|phone&#8220; custom_padding=&#8220;|3%|0px||false|false&#8220; header_2_font_tablet=&#8220;Bilbo|600|||||||&#8220; header_2_font_phone=&#8220;Khula|600|||||||&#8220; header_2_font_last_edited=&#8220;on|phone&#8220; header_2_font_size_tablet=&#8220;32px&#8220; header_2_font_size_phone=&#8220;13px&#8220; header_2_font_size_last_edited=&#8220;on|desktop&#8220; header_2_letter_spacing_tablet=&#8220;13px&#8220; header_2_letter_spacing_phone=&#8220;7px&#8220; header_2_letter_spacing_last_edited=&#8220;on|phone&#8220; global_colors_info=&#8220;{}&#8220;]<\/p>\n<h2>Sie haben eine Frage?<\/h2>\n<p>[\/et_pb_text][et_pb_text _builder_version=&#8220;4.25.1&#8243; _module_preset=&#8220;default&#8220; text_text_color=&#8220;#000000&#8243; text_font_size=&#8220;16px&#8220; hover_enabled=&#8220;0&#8243; global_colors_info=&#8220;{}&#8220; sticky_enabled=&#8220;0&#8243;]<\/p>\n<p>Wir beraten Sie kostenlos und unverbindlich<\/p>\n<p><span style=\"color: #3eb1da;\"><strong>Gemeinde-Pflegeteam Krull GmbH<\/strong><\/span><br \/>Holtroper Stra\u00dfe 32b<br \/>26632 Ihlow-Ostersander<\/p>\n<p>Telefon: 04943-732<br \/>E-Mail: info@pflegedienst-krull.de<\/p>\n<p>[\/et_pb_text][et_pb_text _builder_version=&#8220;4.25.1&#8243; _module_preset=&#8220;b327cbe4-b1d5-4b66-ad37-40c8f2f061ba&#8220; header_2_font=&#8220;|600|||||||&#8220; header_2_text_align=&#8220;left&#8220; header_2_text_color=&#8220;#000000&#8243; header_2_font_size=&#8220;37px&#8220; header_2_line_height=&#8220;1.2em&#8220; text_orientation=&#8220;center&#8220; max_width_tablet=&#8220;650px&#8220; max_width_phone=&#8220;650px&#8220; max_width_last_edited=&#8220;off|desktop&#8220; module_alignment=&#8220;center&#8220; custom_margin=&#8220;||0px|||&#8220; header_2_font_size_tablet=&#8220;32px&#8220; header_2_font_size_phone=&#8220;20px&#8220; header_2_font_size_last_edited=&#8220;on|desktop&#8220; global_colors_info=&#8220;{}&#8220;]<\/p>\n<h2>B\u00fcrozeiten<\/h2>\n<p>[\/et_pb_text][et_pb_text _builder_version=&#8220;4.25.1&#8243; _module_preset=&#8220;default&#8220; text_text_color=&#8220;#000000&#8243; width=&#8220;50%&#8220; width_tablet=&#8220;50%&#8220; width_phone=&#8220;100%&#8220; width_last_edited=&#8220;on|phone&#8220; custom_padding=&#8220;|5px||||&#8220; global_colors_info=&#8220;{}&#8220;]<\/p>\n<p style=\"text-align: left;\">Werktags: 07:00 &#8211; 16:00 Uhr<\/p>\n<p style=\"text-align: left;\"><span>Au\u00dferhalb dieser Zeiten erreichen Sie uns \u00fcber unser Kontaktformular oder per E-Mail. In dringenden F\u00e4llen stehen wir Ihnen dar\u00fcber hinaus t\u00e4glich 24 Stunden \u00fcber unsere Bereitschaftsnummern zur Verf\u00fcgung.<\/span><\/p>\n<p style=\"text-align: left;\"><span style=\"color: #3eb1da;\"><strong>Termine nach Absprache!<\/strong><\/span><\/p>\n<p style=\"text-align: left;\"><span>Sollte es sich bei Ihrem Anliegen um einen lebensbedrohlichen Notfall handelt, m\u00f6chten wir Sie bitten umgehend und direkt Kontakt zur Notrufzentrale unter der Nummer\u00a0<\/span><a href=\"tel:112\">112<\/a><span>\u00a0aufzunehmen!<\/span><\/p>\n<p>[\/et_pb_text][et_pb_text _builder_version=&#8220;4.25.1&#8243; _module_preset=&#8220;b327cbe4-b1d5-4b66-ad37-40c8f2f061ba&#8220; header_2_font=&#8220;|600|||||||&#8220; header_2_text_align=&#8220;left&#8220; header_2_text_color=&#8220;#000000&#8243; header_2_font_size=&#8220;37px&#8220; header_2_line_height=&#8220;1.2em&#8220; text_orientation=&#8220;center&#8220; max_width_tablet=&#8220;650px&#8220; max_width_phone=&#8220;650px&#8220; max_width_last_edited=&#8220;off|desktop&#8220; module_alignment=&#8220;center&#8220; custom_margin=&#8220;||0px|||&#8220; header_2_font_size_tablet=&#8220;32px&#8220; header_2_font_size_phone=&#8220;20px&#8220; header_2_font_size_last_edited=&#8220;on|desktop&#8220; global_colors_info=&#8220;{}&#8220;]<\/p>\n<h2>Rufbereitschaft<\/h2>\n<p>[\/et_pb_text][et_pb_text _builder_version=&#8220;4.25.1&#8243; _module_preset=&#8220;default&#8220; text_text_color=&#8220;#000000&#8243; width=&#8220;50%&#8220; width_tablet=&#8220;50%&#8220; width_phone=&#8220;100%&#8220; width_last_edited=&#8220;on|phone&#8220; global_colors_info=&#8220;{}&#8220;]<\/p>\n<p style=\"text-align: left;\">24 Stunden am Tag, 7 Tage die Woche<\/p>\n<p style=\"text-align: left;\"><span>Im Ernstfall sind wir rund um die Uhr, an sieben Tagen der Woche telefonisch \u00fcber folgende Bereitschaftsnummer f\u00fcr Sie erreichbar.<\/span><\/p>\n<p>[\/et_pb_text][et_pb_text _builder_version=&#8220;4.25.1&#8243; _module_preset=&#8220;default&#8220; text_text_color=&#8220;#FFFFFF&#8220; text_font_size=&#8220;16px&#8220; background_color=&#8220;#E02B20&#8243; text_orientation=&#8220;center&#8220; width=&#8220;50%&#8220; width_tablet=&#8220;50%&#8220; width_phone=&#8220;100%&#8220; width_last_edited=&#8220;on|phone&#8220; custom_padding=&#8220;4px|4px|4px|4px|false|false&#8220; border_radii=&#8220;on|6px|6px|6px|6px&#8220; global_colors_info=&#8220;{}&#8220;]<\/p>\n<p style=\"text-align: center;\"><strong>Bei lebensbedrohlichen Notf\u00e4llen m\u00f6chten wir Sie bitten, umgehend und direkt Kontakt zur Notrufzentrale aufzunehmen!<\/strong><\/p>\n<p>[\/et_pb_text][et_pb_button button_url=&#8220;tel:+494943732&#8243; button_text=&#8220;24 Stunden Rufbereitschaft anrufen&#8220; button_alignment=&#8220;left&#8220; _builder_version=&#8220;4.25.1&#8243; _module_preset=&#8220;default&#8220; global_colors_info=&#8220;{}&#8220;][\/et_pb_button][et_pb_button button_url=&#8220;tel:+49112&#8243; button_text=&#8220;Notrufzentrale 112 anrufen&#8220; button_alignment=&#8220;left&#8220; _builder_version=&#8220;4.25.1&#8243; _module_preset=&#8220;default&#8220; global_colors_info=&#8220;{}&#8220;][\/et_pb_button][et_pb_text _builder_version=&#8220;4.25.1&#8243; _module_preset=&#8220;b327cbe4-b1d5-4b66-ad37-40c8f2f061ba&#8220; header_2_font=&#8220;|600|||||||&#8220; header_2_text_align=&#8220;left&#8220; header_2_text_color=&#8220;#000000&#8243; header_2_font_size=&#8220;37px&#8220; header_2_line_height=&#8220;1.2em&#8220; text_orientation=&#8220;center&#8220; max_width_tablet=&#8220;650px&#8220; max_width_phone=&#8220;650px&#8220; max_width_last_edited=&#8220;off|desktop&#8220; module_alignment=&#8220;center&#8220; custom_margin=&#8220;||0px|||&#8220; header_2_font_size_tablet=&#8220;32px&#8220; header_2_font_size_phone=&#8220;20px&#8220; header_2_font_size_last_edited=&#8220;on|desktop&#8220; global_colors_info=&#8220;{}&#8220;]<\/p>\n<h2>Kontaktformular<\/h2>\n<p>[\/et_pb_text][et_pb_text _builder_version=&#8220;4.25.1&#8243; _module_preset=&#8220;default&#8220; text_text_color=&#8220;#000000&#8243; width=&#8220;50%&#8220; width_tablet=&#8220;50%&#8220; width_phone=&#8220;100%&#8220; width_last_edited=&#8220;on|phone&#8220; global_colors_info=&#8220;{}&#8220;]<\/p>\n<p>Wir nehmen Ihre Anfragen auch gerne per Kontaktformuar entgegen.<\/p>\n<p>[\/et_pb_text][et_pb_contact_form email=&#8220;formular@kontakt-pflegekrull.de&#8220; custom_message=&#8220;Name: %%Name%%||et_pb_line_break_holder||E-Mail: %%Email%%||et_pb_line_break_holder||Nachricht:||et_pb_line_break_holder||%%Message%%&#8220; _builder_version=&#8220;4.25.1&#8243; _module_preset=&#8220;5f451234-b662-41cf-8ad7-48c40d2afa7f&#8220; _unique_id=&#8220;37352547-b97b-4413-85e2-b00056b20234&#8243; form_field_background_color=&#8220;RGBA(255,255,255,0)&#8220; form_field_text_color=&#8220;#0A0A0A&#8220; form_field_custom_padding=&#8220;16px|18px|16px|18px|true|true&#8220; form_field_font=&#8220;|700||on|||||&#8220; custom_button=&#8220;on&#8220; button_text_size=&#8220;14px&#8220; button_text_color=&#8220;#FFFFFF&#8220; button_bg_color=&#8220;#0A0A0A&#8220; button_border_color=&#8220;#0A0A0A&#8220; button_border_radius=&#8220;0px&#8220; button_font=&#8220;Inter|700||on|||||&#8220; button_custom_padding=&#8220;16px|24px|16px|24px|true|true&#8220; module_alignment=&#8220;center&#8220; border_width_all=&#8220;2px&#8220; border_color_all=&#8220;#3eb1da&#8220; locked=&#8220;off&#8220; global_colors_info=&#8220;{}&#8220;][et_pb_contact_field field_id=&#8220;Name&#8220; field_title=&#8220;Name&#8220; _builder_version=&#8220;4.17.4&#8243; _module_preset=&#8220;default&#8220; global_colors_info=&#8220;{}&#8220; button_text_size__hover_enabled=&#8220;off&#8220; button_one_text_size__hover_enabled=&#8220;off&#8220; button_two_text_size__hover_enabled=&#8220;off&#8220; button_text_color__hover_enabled=&#8220;off&#8220; button_one_text_color__hover_enabled=&#8220;off&#8220; button_two_text_color__hover_enabled=&#8220;off&#8220; button_border_width__hover_enabled=&#8220;off&#8220; button_one_border_width__hover_enabled=&#8220;off&#8220; button_two_border_width__hover_enabled=&#8220;off&#8220; button_border_color__hover_enabled=&#8220;off&#8220; button_one_border_color__hover_enabled=&#8220;off&#8220; button_two_border_color__hover_enabled=&#8220;off&#8220; button_border_radius__hover_enabled=&#8220;off&#8220; button_one_border_radius__hover_enabled=&#8220;off&#8220; button_two_border_radius__hover_enabled=&#8220;off&#8220; button_letter_spacing__hover_enabled=&#8220;off&#8220; button_one_letter_spacing__hover_enabled=&#8220;off&#8220; button_two_letter_spacing__hover_enabled=&#8220;off&#8220; button_bg_color__hover_enabled=&#8220;off&#8220; button_one_bg_color__hover_enabled=&#8220;off&#8220; button_two_bg_color__hover_enabled=&#8220;off&#8220;][\/et_pb_contact_field][et_pb_contact_field field_id=&#8220;Email&#8220; field_title=&#8220;Email Adresse&#8220; field_type=&#8220;email&#8220; _builder_version=&#8220;4.25.1&#8243; _module_preset=&#8220;default&#8220; global_colors_info=&#8220;{}&#8220; button_text_size__hover_enabled=&#8220;off&#8220; button_one_text_size__hover_enabled=&#8220;off&#8220; button_two_text_size__hover_enabled=&#8220;off&#8220; button_text_color__hover_enabled=&#8220;off&#8220; button_one_text_color__hover_enabled=&#8220;off&#8220; button_two_text_color__hover_enabled=&#8220;off&#8220; button_border_width__hover_enabled=&#8220;off&#8220; button_one_border_width__hover_enabled=&#8220;off&#8220; button_two_border_width__hover_enabled=&#8220;off&#8220; button_border_color__hover_enabled=&#8220;off&#8220; button_one_border_color__hover_enabled=&#8220;off&#8220; button_two_border_color__hover_enabled=&#8220;off&#8220; button_border_radius__hover_enabled=&#8220;off&#8220; button_one_border_radius__hover_enabled=&#8220;off&#8220; button_two_border_radius__hover_enabled=&#8220;off&#8220; button_letter_spacing__hover_enabled=&#8220;off&#8220; button_one_letter_spacing__hover_enabled=&#8220;off&#8220; button_two_letter_spacing__hover_enabled=&#8220;off&#8220; button_bg_color__hover_enabled=&#8220;off&#8220; button_one_bg_color__hover_enabled=&#8220;off&#8220; button_two_bg_color__hover_enabled=&#8220;off&#8220;][\/et_pb_contact_field][et_pb_contact_field field_id=&#8220;Message&#8220; field_title=&#8220;Nachricht&#8220; field_type=&#8220;text&#8220; fullwidth_field=&#8220;on&#8220; _builder_version=&#8220;4.25.1&#8243; _module_preset=&#8220;default&#8220; global_colors_info=&#8220;{}&#8220; button_text_size__hover_enabled=&#8220;off&#8220; button_one_text_size__hover_enabled=&#8220;off&#8220; button_two_text_size__hover_enabled=&#8220;off&#8220; button_text_color__hover_enabled=&#8220;off&#8220; button_one_text_color__hover_enabled=&#8220;off&#8220; button_two_text_color__hover_enabled=&#8220;off&#8220; button_border_width__hover_enabled=&#8220;off&#8220; button_one_border_width__hover_enabled=&#8220;off&#8220; button_two_border_width__hover_enabled=&#8220;off&#8220; button_border_color__hover_enabled=&#8220;off&#8220; button_one_border_color__hover_enabled=&#8220;off&#8220; button_two_border_color__hover_enabled=&#8220;off&#8220; button_border_radius__hover_enabled=&#8220;off&#8220; button_one_border_radius__hover_enabled=&#8220;off&#8220; button_two_border_radius__hover_enabled=&#8220;off&#8220; button_letter_spacing__hover_enabled=&#8220;off&#8220; button_one_letter_spacing__hover_enabled=&#8220;off&#8220; button_two_letter_spacing__hover_enabled=&#8220;off&#8220; button_bg_color__hover_enabled=&#8220;off&#8220; button_one_bg_color__hover_enabled=&#8220;off&#8220; button_two_bg_color__hover_enabled=&#8220;off&#8220;][\/et_pb_contact_field][\/et_pb_contact_form][et_pb_text _builder_version=&#8220;4.25.1&#8243; _module_preset=&#8220;default&#8220; text_text_color=&#8220;#000000&#8243; link_font=&#8220;|600|||||||&#8220; link_text_color=&#8220;#297691&#8243; global_colors_info=&#8220;{}&#8220;]<\/p>\n<p style=\"text-align: left;\"><span>Die Angaben aus dem Kontaktformular werden zur Beantwortung Ihrer Anfrage erhoben und verarbeitet. Die Daten werden nach abgeschlossener Bearbeitung Ihrer Anfrage gel\u00f6scht. Hinweis: Sie k\u00f6nnen Ihre Einwilligung jederzeit f\u00fcr die Zukunft per E-Mail an info@pflegedienst-krull.de widerrufen. Detaillierte Informationen zum Umgang mit Nutzerdaten finden Sie in unserer <\/span><a href=\"https:\/\/pflegedienst-krull.de\/index.php\/privacy-policy\/\" target=\"_blank\" rel=\"noopener\">Datenschutzerkl\u00e4rung.<\/a><\/p>\n<p>[\/et_pb_text][\/et_pb_column][\/et_pb_row][\/et_pb_section]<\/p>\n","protected":false},"excerpt":{"rendered":"<p>Sie haben eine Frage?Wir beraten Sie kostenlos und unverbindlich Gemeinde-Pflegeteam Krull GmbHHoltroper Stra\u00dfe 32b26632 Ihlow-Ostersander Telefon: 04943-732E-Mail: info@pflegedienst-krull.deB\u00fcrozeitenWerktags: 07:00 &#8211; 16:00 Uhr Au\u00dferhalb dieser Zeiten erreichen Sie uns \u00fcber unser Kontaktformular oder per E-Mail. In dringenden F\u00e4llen stehen wir Ihnen dar\u00fcber hinaus t\u00e4glich 24 Stunden \u00fcber unsere Bereitschaftsnummern zur Verf\u00fcgung. Termine nach Absprache! Sollte es [&hellip;]<\/p>\n","protected":false},"author":1,"featured_media":0,"parent":0,"menu_order":0,"comment_status":"closed","ping_status":"closed","template":"","meta":{"_et_pb_use_builder":"on","_et_pb_old_content":"","_et_gb_content_width":"","footnotes":""},"class_list":["post-232","page","type-page","status-publish","hentry"],"yoast_head":"<!-- This site is optimized with the Yoast SEO plugin v23.0 - https:\/\/yoast.com\/wordpress\/plugins\/seo\/ -->\n<title>Kontakt - Pflegedienst Andree Krull GmbH<\/title>\n<meta name=\"robots\" content=\"index, follow, max-snippet:-1, max-image-preview:large, max-video-preview:-1\" \/>\n<link rel=\"canonical\" href=\"https:\/\/pflegedienst-krull.de\/index.php\/kontakt\/\" \/>\n<meta property=\"og:locale\" content=\"de_DE\" \/>\n<meta property=\"og:type\" content=\"article\" \/>\n<meta property=\"og:title\" content=\"Kontakt - Pflegedienst Andree Krull GmbH\" \/>\n<meta property=\"og:description\" content=\"Sie haben eine Frage?Wir beraten Sie kostenlos und unverbindlich Gemeinde-Pflegeteam Krull GmbHHoltroper Stra\u00dfe 32b26632 Ihlow-Ostersander Telefon: 04943-732E-Mail: info@pflegedienst-krull.deB\u00fcrozeitenWerktags: 07:00 - 16:00 Uhr Au\u00dferhalb dieser Zeiten erreichen Sie uns \u00fcber unser Kontaktformular oder per E-Mail. In dringenden F\u00e4llen stehen wir Ihnen dar\u00fcber hinaus t\u00e4glich 24 Stunden \u00fcber unsere Bereitschaftsnummern zur Verf\u00fcgung. Termine nach Absprache! Sollte es [&hellip;]\" \/>\n<meta property=\"og:url\" content=\"https:\/\/pflegedienst-krull.de\/index.php\/kontakt\/\" \/>\n<meta property=\"og:site_name\" content=\"Pflegedienst Andree Krull GmbH\" \/>\n<meta property=\"article:publisher\" content=\"https:\/\/www.facebook.com\/gemeindepflegeteamandreekrull\" \/>\n<meta property=\"article:modified_time\" content=\"2026-03-10T09:09:39+00:00\" \/>\n<meta name=\"twitter:card\" content=\"summary_large_image\" \/>\n<meta name=\"twitter:label1\" content=\"Gesch\u00e4tzte Lesezeit\" \/>\n\t<meta name=\"twitter:data1\" content=\"8\u00a0Minuten\" \/>\n<script type=\"application\/ld+json\" class=\"yoast-schema-graph\">{\"@context\":\"https:\/\/schema.org\",\"@graph\":[{\"@type\":\"WebPage\",\"@id\":\"https:\/\/pflegedienst-krull.de\/index.php\/kontakt\/\",\"url\":\"https:\/\/pflegedienst-krull.de\/index.php\/kontakt\/\",\"name\":\"Kontakt - Pflegedienst Andree Krull GmbH\",\"isPartOf\":{\"@id\":\"https:\/\/pflegedienst-krull.de\/#website\"},\"datePublished\":\"2024-05-28T10:01:05+00:00\",\"dateModified\":\"2026-03-10T09:09:39+00:00\",\"breadcrumb\":{\"@id\":\"https:\/\/pflegedienst-krull.de\/index.php\/kontakt\/#breadcrumb\"},\"inLanguage\":\"de\",\"potentialAction\":[{\"@type\":\"ReadAction\",\"target\":[\"https:\/\/pflegedienst-krull.de\/index.php\/kontakt\/\"]}]},{\"@type\":\"BreadcrumbList\",\"@id\":\"https:\/\/pflegedienst-krull.de\/index.php\/kontakt\/#breadcrumb\",\"itemListElement\":[{\"@type\":\"ListItem\",\"position\":1,\"name\":\"Startseite\",\"item\":\"https:\/\/pflegedienst-krull.de\/\"},{\"@type\":\"ListItem\",\"position\":2,\"name\":\"Kontakt\"}]},{\"@type\":\"WebSite\",\"@id\":\"https:\/\/pflegedienst-krull.de\/#website\",\"url\":\"https:\/\/pflegedienst-krull.de\/\",\"name\":\"Pflegedienst Andree Krull\",\"description\":\"Gemeinde Pflegeteam\",\"publisher\":{\"@id\":\"https:\/\/pflegedienst-krull.de\/#organization\"},\"potentialAction\":[{\"@type\":\"SearchAction\",\"target\":{\"@type\":\"EntryPoint\",\"urlTemplate\":\"https:\/\/pflegedienst-krull.de\/?s={search_term_string}\"},\"query-input\":\"required name=search_term_string\"}],\"inLanguage\":\"de\"},{\"@type\":\"Organization\",\"@id\":\"https:\/\/pflegedienst-krull.de\/#organization\",\"name\":\"Pflegedienst Andree Krull\",\"url\":\"https:\/\/pflegedienst-krull.de\/\",\"logo\":{\"@type\":\"ImageObject\",\"inLanguage\":\"de\",\"@id\":\"https:\/\/pflegedienst-krull.de\/#\/schema\/logo\/image\/\",\"url\":\"https:\/\/pflegedienst-krull.de\/wp-content\/uploads\/2024\/06\/footer.png\",\"contentUrl\":\"https:\/\/pflegedienst-krull.de\/wp-content\/uploads\/2024\/06\/footer.png\",\"width\":1146,\"height\":1108,\"caption\":\"Pflegedienst Andree Krull\"},\"image\":{\"@id\":\"https:\/\/pflegedienst-krull.de\/#\/schema\/logo\/image\/\"},\"sameAs\":[\"https:\/\/www.facebook.com\/gemeindepflegeteamandreekrull\"]}]}<\/script>\n<!-- \/ Yoast SEO plugin. -->","yoast_head_json":{"title":"Kontakt - Pflegedienst Andree Krull GmbH","robots":{"index":"index","follow":"follow","max-snippet":"max-snippet:-1","max-image-preview":"max-image-preview:large","max-video-preview":"max-video-preview:-1"},"canonical":"https:\/\/pflegedienst-krull.de\/index.php\/kontakt\/","og_locale":"de_DE","og_type":"article","og_title":"Kontakt - Pflegedienst Andree Krull GmbH","og_description":"Sie haben eine Frage?Wir beraten Sie kostenlos und unverbindlich Gemeinde-Pflegeteam Krull GmbHHoltroper Stra\u00dfe 32b26632 Ihlow-Ostersander Telefon: 04943-732E-Mail: info@pflegedienst-krull.deB\u00fcrozeitenWerktags: 07:00 - 16:00 Uhr Au\u00dferhalb dieser Zeiten erreichen Sie uns \u00fcber unser Kontaktformular oder per E-Mail. In dringenden F\u00e4llen stehen wir Ihnen dar\u00fcber hinaus t\u00e4glich 24 Stunden \u00fcber unsere Bereitschaftsnummern zur Verf\u00fcgung. Termine nach Absprache! Sollte es [&hellip;]","og_url":"https:\/\/pflegedienst-krull.de\/index.php\/kontakt\/","og_site_name":"Pflegedienst Andree Krull GmbH","article_publisher":"https:\/\/www.facebook.com\/gemeindepflegeteamandreekrull","article_modified_time":"2026-03-10T09:09:39+00:00","twitter_card":"summary_large_image","twitter_misc":{"Gesch\u00e4tzte Lesezeit":"8\u00a0Minuten"},"schema":{"@context":"https:\/\/schema.org","@graph":[{"@type":"WebPage","@id":"https:\/\/pflegedienst-krull.de\/index.php\/kontakt\/","url":"https:\/\/pflegedienst-krull.de\/index.php\/kontakt\/","name":"Kontakt - Pflegedienst Andree Krull GmbH","isPartOf":{"@id":"https:\/\/pflegedienst-krull.de\/#website"},"datePublished":"2024-05-28T10:01:05+00:00","dateModified":"2026-03-10T09:09:39+00:00","breadcrumb":{"@id":"https:\/\/pflegedienst-krull.de\/index.php\/kontakt\/#breadcrumb"},"inLanguage":"de","potentialAction":[{"@type":"ReadAction","target":["https:\/\/pflegedienst-krull.de\/index.php\/kontakt\/"]}]},{"@type":"BreadcrumbList","@id":"https:\/\/pflegedienst-krull.de\/index.php\/kontakt\/#breadcrumb","itemListElement":[{"@type":"ListItem","position":1,"name":"Startseite","item":"https:\/\/pflegedienst-krull.de\/"},{"@type":"ListItem","position":2,"name":"Kontakt"}]},{"@type":"WebSite","@id":"https:\/\/pflegedienst-krull.de\/#website","url":"https:\/\/pflegedienst-krull.de\/","name":"Pflegedienst Andree Krull","description":"Gemeinde Pflegeteam","publisher":{"@id":"https:\/\/pflegedienst-krull.de\/#organization"},"potentialAction":[{"@type":"SearchAction","target":{"@type":"EntryPoint","urlTemplate":"https:\/\/pflegedienst-krull.de\/?s={search_term_string}"},"query-input":"required name=search_term_string"}],"inLanguage":"de"},{"@type":"Organization","@id":"https:\/\/pflegedienst-krull.de\/#organization","name":"Pflegedienst Andree Krull","url":"https:\/\/pflegedienst-krull.de\/","logo":{"@type":"ImageObject","inLanguage":"de","@id":"https:\/\/pflegedienst-krull.de\/#\/schema\/logo\/image\/","url":"https:\/\/pflegedienst-krull.de\/wp-content\/uploads\/2024\/06\/footer.png","contentUrl":"https:\/\/pflegedienst-krull.de\/wp-content\/uploads\/2024\/06\/footer.png","width":1146,"height":1108,"caption":"Pflegedienst Andree Krull"},"image":{"@id":"https:\/\/pflegedienst-krull.de\/#\/schema\/logo\/image\/"},"sameAs":["https:\/\/www.facebook.com\/gemeindepflegeteamandreekrull"]}]}},"_links":{"self":[{"href":"https:\/\/pflegedienst-krull.de\/index.php\/wp-json\/wp\/v2\/pages\/232","targetHints":{"allow":["GET"]}}],"collection":[{"href":"https:\/\/pflegedienst-krull.de\/index.php\/wp-json\/wp\/v2\/pages"}],"about":[{"href":"https:\/\/pflegedienst-krull.de\/index.php\/wp-json\/wp\/v2\/types\/page"}],"author":[{"embeddable":true,"href":"https:\/\/pflegedienst-krull.de\/index.php\/wp-json\/wp\/v2\/users\/1"}],"replies":[{"embeddable":true,"href":"https:\/\/pflegedienst-krull.de\/index.php\/wp-json\/wp\/v2\/comments?post=232"}],"version-history":[{"count":13,"href":"https:\/\/pflegedienst-krull.de\/index.php\/wp-json\/wp\/v2\/pages\/232\/revisions"}],"predecessor-version":[{"id":430,"href":"https:\/\/pflegedienst-krull.de\/index.php\/wp-json\/wp\/v2\/pages\/232\/revisions\/430"}],"wp:attachment":[{"href":"https:\/\/pflegedienst-krull.de\/index.php\/wp-json\/wp\/v2\/media?parent=232"}],"curies":[{"name":"wp","href":"https:\/\/api.w.org\/{rel}","templated":true}]}}